{"id":1933,"date":"2019-06-26T09:34:37","date_gmt":"2019-06-26T07:34:37","guid":{"rendered":"http:\/\/admiravision.es\/especialitats\/"},"modified":"2023-01-16T09:20:55","modified_gmt":"2023-01-16T08:20:55","slug":"tractaments","status":"publish","type":"page","link":"https:\/\/admiravision.es\/ca\/tractaments\/","title":{"rendered":"Tractaments"},"content":{"rendered":"[vc_row type=&#8221;full_width_background&#8221; full_screen_row_position=&#8221;middle&#8221; column_margin=&#8221;default&#8221; column_direction=&#8221;default&#8221; column_direction_tablet=&#8221;default&#8221; column_direction_phone=&#8221;default&#8221; bg_image=&#8221;1959&#8243; bg_position=&#8221;center center&#8221; bg_repeat=&#8221;no-repeat&#8221; scene_position=&#8221;center&#8221; top_padding=&#8221;4%&#8221; bottom_padding=&#8221;4%&#8221; text_color=&#8221;dark&#8221; text_align=&#8221;left&#8221; row_border_radius=&#8221;none&#8221; row_border_radius_applies=&#8221;bg&#8221; color_overlay=&#8221;#193c46&#8243; overlay_strength=&#8221;0.8&#8243; gradient_direction=&#8221;left_to_right&#8221; shape_divider_position=&#8221;bottom&#8221; bg_image_animation=&#8221;none&#8221; shape_type=&#8221;&#8221;][vc_column column_padding=&#8221;no-extra-padding&#8221; column_padding_tablet=&#8221;inherit&#8221; column_padding_phone=&#8221;inherit&#8221; column_padding_position=&#8221;all&#8221; background_color_opacity=&#8221;1&#8243; background_hover_color_opacity=&#8221;1&#8243; column_shadow=&#8221;none&#8221; column_border_radius=&#8221;none&#8221; column_link_target=&#8221;_self&#8221; gradient_direction=&#8221;left_to_right&#8221; overlay_strength=&#8221;0.3&#8243; width=&#8221;1\/1&#8243; tablet_width_inherit=&#8221;default&#8221; tablet_text_alignment=&#8221;default&#8221; phone_text_alignment=&#8221;default&#8221; column_border_width=&#8221;none&#8221; column_border_style=&#8221;solid&#8221; bg_image_animation=&#8221;none&#8221;][vc_custom_heading text=&#8221;Especialitats&#8221; font_container=&#8221;tag:h1|font_size:30|text_align:center|color:%23ffffff&#8221; google_fonts=&#8221;font_family:Raleway%3A100%2C200%2C300%2Cregular%2C500%2C600%2C700%2C800%2C900|font_style:600%20bold%20regular%3A600%3Anormal&#8221;][\/vc_column][\/vc_row][vc_row type=&#8221;full_width_background&#8221; full_screen_row_position=&#8221;middle&#8221; column_margin=&#8221;default&#8221; equal_height=&#8221;yes&#8221; content_placement=&#8221;middle&#8221; column_direction=&#8221;default&#8221; column_direction_tablet=&#8221;default&#8221; column_direction_phone=&#8221;default&#8221; bg_color=&#8221;#ffffff&#8221; scene_position=&#8221;center&#8221; top_padding=&#8221;5%&#8221; bottom_padding=&#8221;5%&#8221; text_color=&#8221;dark&#8221; text_align=&#8221;left&#8221; row_border_radius=&#8221;none&#8221; row_border_radius_applies=&#8221;bg&#8221; id=&#8221;creative-services&#8221; overlay_strength=&#8221;0.3&#8243; gradient_direction=&#8221;left_to_right&#8221; shape_divider_position=&#8221;bottom&#8221; bg_image_animation=&#8221;none&#8221; shape_type=&#8221;&#8221;][vc_column column_padding=&#8221;padding-2-percent&#8221; column_padding_tablet=&#8221;inherit&#8221; column_padding_phone=&#8221;inherit&#8221; column_padding_position=&#8221;right&#8221; background_color_opacity=&#8221;1&#8243; background_hover_color_opacity=&#8221;1&#8243; column_shadow=&#8221;none&#8221; column_border_radius=&#8221;none&#8221; column_link_target=&#8221;_self&#8221; gradient_direction=&#8221;left_to_right&#8221; overlay_strength=&#8221;0.3&#8243; width=&#8221;1\/3&#8243; tablet_width_inherit=&#8221;default&#8221; tablet_text_alignment=&#8221;default&#8221; phone_text_alignment=&#8221;default&#8221; column_border_width=&#8221;none&#8221; column_border_style=&#8221;solid&#8221; bg_image_animation=&#8221;none&#8221;][nectar_highlighted_text color_type=&#8221;regular&#8221; highlight_color=&#8221;rgba(25,60,70,0.45)&#8221; style=&#8221;half_text&#8221;]\n<h2>Descobreix les <em>especialitats<\/em> de Admiravisi\u00f3n<\/h2>\n[\/nectar_highlighted_text][\/vc_column][vc_column column_padding=&#8221;no-extra-padding&#8221; column_padding_tablet=&#8221;inherit&#8221; column_padding_phone=&#8221;inherit&#8221; column_padding_position=&#8221;all&#8221; background_color_opacity=&#8221;1&#8243; background_hover_color_opacity=&#8221;1&#8243; column_shadow=&#8221;none&#8221; column_border_radius=&#8221;none&#8221; column_link_target=&#8221;_self&#8221; gradient_direction=&#8221;left_to_right&#8221; overlay_strength=&#8221;0.3&#8243; width=&#8221;2\/3&#8243; tablet_width_inherit=&#8221;default&#8221; tablet_text_alignment=&#8221;default&#8221; phone_text_alignment=&#8221;default&#8221; column_border_width=&#8221;none&#8221; column_border_style=&#8221;solid&#8221; bg_image_animation=&#8221;none&#8221;][vc_row_inner column_margin=&#8221;none&#8221; column_direction=&#8221;default&#8221; column_direction_tablet=&#8221;default&#8221; column_direction_phone=&#8221;default&#8221; text_align=&#8221;left&#8221;][vc_column_inner column_padding=&#8221;padding-2-percent&#8221; column_padding_tablet=&#8221;inherit&#8221; column_padding_phone=&#8221;inherit&#8221; column_padding_position=&#8221;all&#8221; background_color_opacity=&#8221;1&#8243; background_hover_color_opacity=&#8221;1&#8243; column_shadow=&#8221;none&#8221; column_border_radius=&#8221;none&#8221; column_link_target=&#8221;_self&#8221; gradient_direction=&#8221;left_to_right&#8221; overlay_strength=&#8221;0.3&#8243; width=&#8221;1\/3&#8243; tablet_width_inherit=&#8221;default&#8221; column_border_width=&#8221;none&#8221; column_border_style=&#8221;solid&#8221; bg_image_animation=&#8221;none&#8221;][fancy_box box_style=&#8221;color_box_basic&#8221; icon_family=&#8221;linea&#8221; box_color=&#8221;#193c46&#8243; content_color=&#8221;#ffffff&#8221; box_color_opacity=&#8221;0.6&#8243; box_alignment=&#8221;left&#8221; border_radius=&#8221;default&#8221; image_loading=&#8221;default&#8221; enable_animation=&#8221;true&#8221; animation=&#8221;fade-in-from-bottom&#8221; color_scheme=&#8221;none&#8221; secondary_content=&#8221;here&#8217;s some awesome text that would only be shown on hover&#8221; min_height=&#8221;0&#8243; link_url=&#8221;https:\/\/admiravision.es\/tratamientos\/cirugia-refractiva\/&#8221; css=&#8221;.vc_custom_1673597863161{margin-top: 50px !important;margin-bottom: 2em !important;padding-top: 15% !important;padding-right: 15% !important;padding-bottom: 15% !important;padding-left: 15% !important;}&#8221; icon_size=&#8221;40&#8243; icon_linea=&#8221;icon-basic-eye&#8221;]\n<h4>Cirurgia refractiva<\/h4>\n<p>La soluci\u00f3 definitiva per a diverses patologies, denominades defectes refractius.[\/fancy_box][fancy_box box_style=&#8221;color_box_basic&#8221; icon_family=&#8221;linea&#8221; link_new_tab=&#8221;true&#8221; box_color=&#8221;#193c46&#8243; box_color_opacity=&#8221;1&#8243; box_alignment=&#8221;left&#8221; border_radius=&#8221;default&#8221; image_loading=&#8221;default&#8221; enable_animation=&#8221;true&#8221; animation=&#8221;fade-in-from-bottom&#8221; color_scheme=&#8221;none&#8221; secondary_content=&#8221;here&#8217;s some awesome text that would only be shown on hover&#8221; min_height=&#8221;0&#8243; link_url=&#8221;https:\/\/admiravision.es\/tratamientos\/oftalmosport\/&#8221; css=&#8221;.vc_custom_1673597873967{margin-bottom: 50px !important;padding-top: 15% !important;padding-right: 15% !important;padding-bottom: 15% !important;padding-left: 15% !important;}&#8221; icon_size=&#8221;40&#8243; icon_linea=&#8221;icon-basic-eye&#8221;]\n<h4>Oftalmosport<\/h4>\n<p>Cura de la salut ocular per a esportistes.[\/fancy_box][\/vc_column_inner][vc_column_inner column_padding=&#8221;padding-2-percent&#8221; column_padding_tablet=&#8221;inherit&#8221; column_padding_phone=&#8221;inherit&#8221; column_padding_position=&#8221;all&#8221; background_color_opacity=&#8221;1&#8243; background_hover_color_opacity=&#8221;1&#8243; column_shadow=&#8221;none&#8221; column_border_radius=&#8221;none&#8221; column_link_target=&#8221;_self&#8221; gradient_direction=&#8221;left_to_right&#8221; overlay_strength=&#8221;0.3&#8243; width=&#8221;1\/3&#8243; tablet_width_inherit=&#8221;default&#8221; column_border_width=&#8221;none&#8221; column_border_style=&#8221;solid&#8221; bg_image_animation=&#8221;none&#8221;][fancy_box box_style=&#8221;color_box_basic&#8221; icon_family=&#8221;linea&#8221; link_new_tab=&#8221;true&#8221; box_color=&#8221;#193c46&#8243; box_color_opacity=&#8221;1&#8243; box_alignment=&#8221;left&#8221; border_radius=&#8221;default&#8221; image_loading=&#8221;default&#8221; enable_animation=&#8221;true&#8221; animation=&#8221;fade-in-from-bottom&#8221; color_scheme=&#8221;none&#8221; secondary_content=&#8221;here&#8217;s some awesome text that would only be shown on hover&#8221; min_height=&#8221;0&#8243; link_url=&#8221;https:\/\/admiravision.es\/contacto\/&#8221; css=&#8221;.vc_custom_1673597883136{margin-bottom: 2em !important;padding-top: 15% !important;padding-right: 15% !important;padding-bottom: 15% !important;padding-left: 15% !important;}&#8221; delay=&#8221;100&#8243; icon_size=&#8221;40&#8243; icon_linea=&#8221;icon-basic-eye&#8221;]\n<h4>Cirurgia facorefractiva<\/h4>\n<p>La lent intraocular trifocal \u00e9s l&#8217;\u00faltima novetat per a corregir la vista cansada.[\/fancy_box][fancy_box box_style=&#8221;color_box_basic&#8221; icon_family=&#8221;linea&#8221; link_new_tab=&#8221;true&#8221; box_color=&#8221;#193c46&#8243; box_color_opacity=&#8221;1&#8243; box_alignment=&#8221;left&#8221; border_radius=&#8221;default&#8221; image_loading=&#8221;default&#8221; enable_animation=&#8221;true&#8221; animation=&#8221;fade-in-from-bottom&#8221; color_scheme=&#8221;none&#8221; secondary_content=&#8221;here&#8217;s some awesome text that would only be shown on hover&#8221; min_height=&#8221;0&#8243; link_url=&#8221;https:\/\/admiravision.es\/tratamientos\/oftalmologia-pedriatica\/&#8221; delay=&#8221;100&#8243; css=&#8221;.vc_custom_1673597892787{padding-top: 15% !important;padding-right: 15% !important;padding-bottom: 15% !important;padding-left: 15% !important;}&#8221; icon_size=&#8221;40&#8243; icon_linea=&#8221;icon-basic-eye&#8221;]\n<h4>Oftalmologia pedi\u00e0trica<\/h4>\n<p>Prevenci\u00f3 en la salut dels ulls dels nens.[\/fancy_box][\/vc_column_inner][vc_column_inner column_padding=&#8221;padding-2-percent&#8221; column_padding_tablet=&#8221;inherit&#8221; column_padding_phone=&#8221;inherit&#8221; column_padding_position=&#8221;all&#8221; background_color_opacity=&#8221;1&#8243; background_hover_color_opacity=&#8221;1&#8243; column_shadow=&#8221;none&#8221; column_border_radius=&#8221;none&#8221; column_link_target=&#8221;_self&#8221; gradient_direction=&#8221;left_to_right&#8221; overlay_strength=&#8221;0.3&#8243; width=&#8221;1\/3&#8243; tablet_width_inherit=&#8221;default&#8221; column_border_width=&#8221;none&#8221; column_border_style=&#8221;solid&#8221; bg_image_animation=&#8221;none&#8221;][fancy_box box_style=&#8221;color_box_basic&#8221; icon_family=&#8221;linea&#8221; link_new_tab=&#8221;true&#8221; box_color=&#8221;#193c46&#8243; content_color=&#8221;#ffffff&#8221; box_color_opacity=&#8221;1&#8243; box_alignment=&#8221;left&#8221; border_radius=&#8221;default&#8221; image_loading=&#8221;default&#8221; enable_animation=&#8221;true&#8221; animation=&#8221;fade-in-from-bottom&#8221; color_scheme=&#8221;none&#8221; secondary_content=&#8221;here&#8217;s some awesome text that would only be shown on hover&#8221; min_height=&#8221;0&#8243; link_url=&#8221;https:\/\/admiravision.es\/tratamientos\/ergoftalmologia\/&#8221; css=&#8221;.vc_custom_1673597901354{margin-top: 50px !important;margin-bottom: 2em !important;padding-top: 15% !important;padding-right: 15% !important;padding-bottom: 15% !important;padding-left: 15% !important;}&#8221; delay=&#8221;200&#8243; icon_size=&#8221;40&#8243; icon_linea=&#8221;icon-basic-eye&#8221;]\n<h4>Ergoftalmologia<\/h4>\n<p>Suport especialitzat i complementari a les revisions laborals gen\u00e8riques.[\/fancy_box][fancy_box box_style=&#8221;color_box_basic&#8221; icon_family=&#8221;linea&#8221; link_new_tab=&#8221;true&#8221; box_color=&#8221;#193c46&#8243; box_color_opacity=&#8221;1&#8243; box_alignment=&#8221;left&#8221; border_radius=&#8221;default&#8221; image_loading=&#8221;default&#8221; enable_animation=&#8221;true&#8221; animation=&#8221;fade-in-from-bottom&#8221; color_scheme=&#8221;none&#8221; secondary_content=&#8221;here&#8217;s some awesome text that would only be shown on hover&#8221; min_height=&#8221;0&#8243; link_url=&#8221;https:\/\/admiravision.es\/tratamientos\/terapias-visuales\/&#8221; delay=&#8221;200&#8243; css=&#8221;.vc_custom_1673597910021{padding-top: 15% !important;padding-right: 15% !important;padding-bottom: 15% !important;padding-left: 15% !important;}&#8221; icon_size=&#8221;40&#8243; icon_linea=&#8221;icon-basic-eye&#8221;]\n<h4>Ter\u00e0pies visuals<\/h4>\n<p>Ter\u00e0pies visuals per a problemes d&#8217;aprenentatge, problemes d&#8217;efic\u00e0cia visual i ull vague.[\/fancy_box][\/vc_column_inner][\/vc_row_inner][\/vc_column][\/vc_row][vc_row type=&#8221;full_width_background&#8221; full_screen_row_position=&#8221;middle&#8221; column_margin=&#8221;default&#8221; equal_height=&#8221;yes&#8221; content_placement=&#8221;middle&#8221; column_direction=&#8221;default&#8221; column_direction_tablet=&#8221;default&#8221; column_direction_phone=&#8221;default&#8221; bg_image=&#8221;1970&#8243; bg_position=&#8221;left top&#8221; bg_repeat=&#8221;no-repeat&#8221; scene_position=&#8221;center&#8221; top_padding=&#8221;4%&#8221; bottom_padding=&#8221;4%&#8221; text_color=&#8221;light&#8221; text_align=&#8221;center&#8221; row_border_radius=&#8221;none&#8221; row_border_radius_applies=&#8221;bg&#8221; id=&#8221;pedir-cita&#8221; color_overlay=&#8221;#f3d3c6&#8243; overlay_strength=&#8221;0.95&#8243; gradient_direction=&#8221;left_to_right&#8221; shape_divider_position=&#8221;bottom&#8221; bg_image_animation=&#8221;none&#8221; shape_type=&#8221;&#8221;][vc_column column_padding=&#8221;no-extra-padding&#8221; column_padding_tablet=&#8221;inherit&#8221; column_padding_phone=&#8221;inherit&#8221; column_padding_position=&#8221;all&#8221; background_color_opacity=&#8221;1&#8243; background_hover_color_opacity=&#8221;1&#8243; column_shadow=&#8221;none&#8221; column_border_radius=&#8221;none&#8221; column_link_target=&#8221;_self&#8221; gradient_direction=&#8221;left_to_right&#8221; overlay_strength=&#8221;0.3&#8243; width=&#8221;1\/4&#8243; tablet_width_inherit=&#8221;default&#8221; tablet_text_alignment=&#8221;default&#8221; phone_text_alignment=&#8221;default&#8221; column_border_width=&#8221;none&#8221; column_border_style=&#8221;solid&#8221; bg_image_animation=&#8221;none&#8221;][vc_row_inner column_margin=&#8221;default&#8221; column_direction=&#8221;default&#8221; column_direction_tablet=&#8221;default&#8221; column_direction_phone=&#8221;default&#8221; text_align=&#8221;left&#8221;][vc_column_inner column_padding=&#8221;no-extra-padding&#8221; column_padding_tablet=&#8221;inherit&#8221; column_padding_phone=&#8221;inherit&#8221; column_padding_position=&#8221;all&#8221; background_color_opacity=&#8221;1&#8243; background_hover_color_opacity=&#8221;1&#8243; column_shadow=&#8221;none&#8221; column_border_radius=&#8221;none&#8221; column_link_target=&#8221;_self&#8221; gradient_direction=&#8221;left_to_right&#8221; overlay_strength=&#8221;0.3&#8243; width=&#8221;1\/1&#8243; tablet_width_inherit=&#8221;default&#8221; column_border_width=&#8221;none&#8221; column_border_style=&#8221;solid&#8221; bg_image_animation=&#8221;none&#8221;][nectar_icon icon_family=&#8221;linea&#8221; enable_animation=&#8221;true&#8221; animation_speed=&#8221;fast&#8221; icon_style=&#8221;soft-bg&#8221; icon_color_type=&#8221;color_scheme&#8221; icon_color=&#8221;Accent-Color&#8221; icon_padding=&#8221;35px&#8221; icon_linea=&#8221;icon-basic-elaboration-calendar-plus&#8221; icon_size=&#8221;70&#8243;][\/vc_column_inner][\/vc_row_inner][\/vc_column][vc_column column_padding=&#8221;no-extra-padding&#8221; column_padding_tablet=&#8221;inherit&#8221; column_padding_phone=&#8221;inherit&#8221; column_padding_position=&#8221;all&#8221; background_color_opacity=&#8221;1&#8243; background_hover_color_opacity=&#8221;1&#8243; column_shadow=&#8221;none&#8221; column_border_radius=&#8221;none&#8221; column_link_target=&#8221;_self&#8221; gradient_direction=&#8221;left_to_right&#8221; overlay_strength=&#8221;0.3&#8243; width=&#8221;1\/2&#8243; tablet_width_inherit=&#8221;default&#8221; tablet_text_alignment=&#8221;default&#8221; phone_text_alignment=&#8221;default&#8221; column_border_width=&#8221;none&#8221; column_border_style=&#8221;solid&#8221; bg_image_animation=&#8221;none&#8221;][vc_custom_heading text=&#8221;Pide cita&#8221; font_container=&#8221;tag:h2|text_align:left|color:%23193c46&#8243; google_fonts=&#8221;font_family:Raleway%3A100%2C200%2C300%2Cregular%2C500%2C600%2C700%2C800%2C900|font_style:700%20bold%20regular%3A700%3Anormal&#8221;][vc_column_text]\n<p style=\"text-align: left; color: #193c46;\">La primera visita sense comprom\u00eds.<br \/>\nPregunta al metge tot el que necessites saber i decideix.<\/p>\n[\/vc_column_text][\/vc_column][vc_column column_padding=&#8221;no-extra-padding&#8221; column_padding_tablet=&#8221;inherit&#8221; column_padding_phone=&#8221;inherit&#8221; column_padding_position=&#8221;all&#8221; background_color_opacity=&#8221;1&#8243; background_hover_color_opacity=&#8221;1&#8243; column_shadow=&#8221;none&#8221; column_border_radius=&#8221;none&#8221; column_link_target=&#8221;_self&#8221; gradient_direction=&#8221;left_to_right&#8221; overlay_strength=&#8221;0.3&#8243; width=&#8221;1\/4&#8243; tablet_width_inherit=&#8221;default&#8221; tablet_text_alignment=&#8221;default&#8221; phone_text_alignment=&#8221;default&#8221; column_border_width=&#8221;none&#8221; column_border_color=&#8221;#193c46&#8243; column_border_style=&#8221;solid&#8221; bg_image_animation=&#8221;none&#8221;][nectar_btn size=&#8221;jumbo&#8221; open_new_tab=&#8221;true&#8221; button_style=&#8221;see-through&#8221; button_color_2=&#8221;Accent-Color&#8221; icon_family=&#8221;default_arrow&#8221; text=&#8221;Demanar cita&#8221; url=&#8221;https:\/\/admiravision.es\/pide-cita\/&#8221;][\/vc_column][\/vc_row]\n","protected":false},"excerpt":{"rendered":"<p>[vc_row type=&#8221;full_width_background&#8221; full_screen_row_position=&#8221;middle&#8221; column_margin=&#8221;default&#8221; column_direction=&#8221;default&#8221; column_direction_tablet=&#8221;default&#8221; column_direction_phone=&#8221;default&#8221; bg_image=&#8221;1959&#8243; bg_position=&#8221;center center&#8221; bg_repeat=&#8221;no-repeat&#8221; scene_position=&#8221;center&#8221; top_padding=&#8221;4%&#8221; bottom_padding=&#8221;4%&#8221; text_color=&#8221;dark&#8221; text_align=&#8221;left&#8221; row_border_radius=&#8221;none&#8221; row_border_radius_applies=&#8221;bg&#8221; color_overlay=&#8221;#193c46&#8243; overlay_strength=&#8221;0.8&#8243; gradient_direction=&#8221;left_to_right&#8221; shape_divider_position=&#8221;bottom&#8221; bg_image_animation=&#8221;none&#8221; shape_type=&#8221;&#8221;][vc_column column_padding=&#8221;no-extra-padding&#8221; column_padding_tablet=&#8221;inherit&#8221; column_padding_phone=&#8221;inherit&#8221; column_padding_position=&#8221;all&#8221; background_color_opacity=&#8221;1&#8243; background_hover_color_opacity=&#8221;1&#8243;&#8230;<\/p>\n","protected":false},"author":1,"featured_media":0,"parent":0,"menu_order":0,"comment_status":"closed","ping_status":"closed","template":"","meta":{"_sitemap_exclude":false,"_sitemap_priority":"","_sitemap_frequency":"","_joinchat":[],"footnotes":""},"class_list":["post-1933","page","type-page","status-publish"],"yoast_head":"<!-- This site is optimized with the Yoast SEO plugin v27.2 - https:\/\/yoast.com\/product\/yoast-seo-wordpress\/ -->\n<title>Especialitats | Admiravisi\u00f3n<\/title>\n<meta name=\"description\" content=\"A Admiravisi\u00f3n som experts en tot tipus d&#039;especialitats oftalmol\u00f2giques. Posa&#039;t en contacte amb nosaltres!\" \/>\n<meta name=\"robots\" content=\"index, follow, max-snippet:-1, max-image-preview:large, max-video-preview:-1\" \/>\n<link rel=\"canonical\" href=\"https:\/\/admiravision.es\/ca\/tractaments\/\" \/>\n<meta property=\"og:locale\" content=\"ca_ES\" \/>\n<meta property=\"og:type\" content=\"article\" \/>\n<meta property=\"og:title\" content=\"Especialitats | Admiravisi\u00f3n\" \/>\n<meta property=\"og:description\" content=\"A Admiravisi\u00f3n som experts en tot tipus d&#039;especialitats oftalmol\u00f2giques. Posa&#039;t en contacte amb nosaltres!\" \/>\n<meta property=\"og:url\" content=\"https:\/\/admiravision.es\/ca\/tractaments\/\" \/>\n<meta property=\"og:site_name\" content=\"Admiravisi\u00f3n - Oftalmolog\u00eda en Barcelona\" \/>\n<meta property=\"article:modified_time\" content=\"2023-01-16T08:20:55+00:00\" \/>\n<meta name=\"twitter:card\" content=\"summary_large_image\" \/>\n<meta name=\"twitter:label1\" content=\"Temps estimat de lectura\" \/>\n\t<meta name=\"twitter:data1\" content=\"3 minuts\" \/>\n<!-- \/ Yoast SEO plugin. -->","yoast_head_json":{"title":"Especialitats | Admiravisi\u00f3n","description":"A Admiravisi\u00f3n som experts en tot tipus d'especialitats oftalmol\u00f2giques. Posa't en contacte amb nosaltres!","robots":{"index":"index","follow":"follow","max-snippet":"max-snippet:-1","max-image-preview":"max-image-preview:large","max-video-preview":"max-video-preview:-1"},"canonical":"https:\/\/admiravision.es\/ca\/tractaments\/","og_locale":"ca_ES","og_type":"article","og_title":"Especialitats | Admiravisi\u00f3n","og_description":"A Admiravisi\u00f3n som experts en tot tipus d'especialitats oftalmol\u00f2giques. Posa't en contacte amb nosaltres!","og_url":"https:\/\/admiravision.es\/ca\/tractaments\/","og_site_name":"Admiravisi\u00f3n - Oftalmolog\u00eda en Barcelona","article_modified_time":"2023-01-16T08:20:55+00:00","twitter_card":"summary_large_image","twitter_misc":{"Temps estimat de lectura":"3 minuts"},"schema":{"@context":"https:\/\/schema.org","@graph":[{"@type":"WebPage","@id":"https:\/\/admiravision.es\/ca\/tractaments\/","url":"https:\/\/admiravision.es\/ca\/tractaments\/","name":"Especialitats | Admiravisi\u00f3n","isPartOf":{"@id":"https:\/\/admiravision.es\/#website"},"datePublished":"2019-06-26T07:34:37+00:00","dateModified":"2023-01-16T08:20:55+00:00","description":"A Admiravisi\u00f3n som experts en tot tipus d'especialitats oftalmol\u00f2giques. Posa't en contacte amb nosaltres!","breadcrumb":{"@id":"https:\/\/admiravision.es\/ca\/tractaments\/#breadcrumb"},"inLanguage":"ca","potentialAction":[{"@type":"ReadAction","target":["https:\/\/admiravision.es\/ca\/tractaments\/"]}]},{"@type":"BreadcrumbList","@id":"https:\/\/admiravision.es\/ca\/tractaments\/#breadcrumb","itemListElement":[{"@type":"ListItem","position":1,"name":"Portada","item":"https:\/\/admiravision.es\/ca\/"},{"@type":"ListItem","position":2,"name":"Tractaments"}]},{"@type":"WebSite","@id":"https:\/\/admiravision.es\/#website","url":"https:\/\/admiravision.es\/","name":"Admiravisi\u00f3n - Oftalmolog\u00eda en Barcelona","description":"Diagn\u00f3stico y tratamiento de todas las enfermedades oculares, prevenci\u00f3n y tratamiento de lesiones del sistema visual.","publisher":{"@id":"https:\/\/admiravision.es\/#organization"},"potentialAction":[{"@type":"SearchAction","target":{"@type":"EntryPoint","urlTemplate":"https:\/\/admiravision.es\/?s={search_term_string}"},"query-input":{"@type":"PropertyValueSpecification","valueRequired":true,"valueName":"search_term_string"}}],"inLanguage":"ca"},{"@type":"Organization","@id":"https:\/\/admiravision.es\/#organization","name":"Admiravisi\u00f3n","url":"https:\/\/admiravision.es\/","logo":{"@type":"ImageObject","inLanguage":"ca","@id":"https:\/\/admiravision.es\/#\/schema\/logo\/image\/","url":"https:\/\/admiravision.es\/wp-content\/uploads\/2019\/03\/logo-admiravision.png","contentUrl":"https:\/\/admiravision.es\/wp-content\/uploads\/2019\/03\/logo-admiravision.png","width":226,"height":105,"caption":"Admiravisi\u00f3n"},"image":{"@id":"https:\/\/admiravision.es\/#\/schema\/logo\/image\/"}}]}},"_links":{"self":[{"href":"https:\/\/admiravision.es\/ca\/wp-json\/wp\/v2\/pages\/1933","targetHints":{"allow":["GET"]}}],"collection":[{"href":"https:\/\/admiravision.es\/ca\/wp-json\/wp\/v2\/pages"}],"about":[{"href":"https:\/\/admiravision.es\/ca\/wp-json\/wp\/v2\/types\/page"}],"author":[{"embeddable":true,"href":"https:\/\/admiravision.es\/ca\/wp-json\/wp\/v2\/users\/1"}],"replies":[{"embeddable":true,"href":"https:\/\/admiravision.es\/ca\/wp-json\/wp\/v2\/comments?post=1933"}],"version-history":[{"count":17,"href":"https:\/\/admiravision.es\/ca\/wp-json\/wp\/v2\/pages\/1933\/revisions"}],"predecessor-version":[{"id":10873,"href":"https:\/\/admiravision.es\/ca\/wp-json\/wp\/v2\/pages\/1933\/revisions\/10873"}],"wp:attachment":[{"href":"https:\/\/admiravision.es\/ca\/wp-json\/wp\/v2\/media?parent=1933"}],"curies":[{"name":"wp","href":"https:\/\/api.w.org\/{rel}","templated":true}]}}