{"id":8971,"date":"2022-03-10T14:53:07","date_gmt":"2022-03-10T13:53:07","guid":{"rendered":"https:\/\/admiravision.es\/el-meu-compte-2\/"},"modified":"2022-03-10T14:53:07","modified_gmt":"2022-03-10T13:53:07","slug":"el-meu-compte-2","status":"publish","type":"page","link":"https:\/\/admiravision.es\/ca\/el-meu-compte-2\/","title":{"rendered":"El meu compte"},"content":{"rendered":"[woocommerce_my_account]\n","protected":false},"excerpt":{"rendered":"[woocommerce_my_account]","protected":false},"author":1,"featured_media":0,"parent":0,"menu_order":0,"comment_status":"closed","ping_status":"closed","template":"","meta":{"_sitemap_exclude":false,"_sitemap_priority":"","_sitemap_frequency":"","_joinchat":[],"footnotes":""},"class_list":["post-8971","page","type-page","status-publish"],"yoast_head":"<!-- This site is optimized with the Yoast SEO plugin v27.2 - https:\/\/yoast.com\/product\/yoast-seo-wordpress\/ -->\n<title>El meu compte - Admiravisi\u00f3n<\/title>\n<meta name=\"robots\" content=\"index, follow, max-snippet:-1, max-image-preview:large, max-video-preview:-1\" \/>\n<link rel=\"canonical\" href=\"https:\/\/admiravision.es\/ca\/el-meu-compte-2\/\" \/>\n<meta property=\"og:locale\" content=\"ca_ES\" \/>\n<meta property=\"og:type\" content=\"article\" \/>\n<meta property=\"og:title\" content=\"El meu compte - Admiravisi\u00f3n\" \/>\n<meta property=\"og:url\" content=\"https:\/\/admiravision.es\/ca\/el-meu-compte-2\/\" \/>\n<meta property=\"og:site_name\" content=\"Admiravisi\u00f3n - Oftalmolog\u00eda en Barcelona\" \/>\n<meta name=\"twitter:card\" content=\"summary_large_image\" \/>\n<!-- \/ Yoast SEO plugin. -->","yoast_head_json":{"title":"El meu compte - Admiravisi\u00f3n","robots":{"index":"index","follow":"follow","max-snippet":"max-snippet:-1","max-image-preview":"max-image-preview:large","max-video-preview":"max-video-preview:-1"},"canonical":"https:\/\/admiravision.es\/ca\/el-meu-compte-2\/","og_locale":"ca_ES","og_type":"article","og_title":"El meu compte - Admiravisi\u00f3n","og_url":"https:\/\/admiravision.es\/ca\/el-meu-compte-2\/","og_site_name":"Admiravisi\u00f3n - Oftalmolog\u00eda en Barcelona","twitter_card":"summary_large_image","schema":{"@context":"https:\/\/schema.org","@graph":[{"@type":"WebPage","@id":"https:\/\/admiravision.es\/ca\/el-meu-compte-2\/","url":"https:\/\/admiravision.es\/ca\/el-meu-compte-2\/","name":"El meu compte - Admiravisi\u00f3n","isPartOf":{"@id":"https:\/\/admiravision.es\/#website"},"datePublished":"2022-03-10T13:53:07+00:00","breadcrumb":{"@id":"https:\/\/admiravision.es\/ca\/el-meu-compte-2\/#breadcrumb"},"inLanguage":"ca","potentialAction":[{"@type":"ReadAction","target":["https:\/\/admiravision.es\/ca\/el-meu-compte-2\/"]}]},{"@type":"BreadcrumbList","@id":"https:\/\/admiravision.es\/ca\/el-meu-compte-2\/#breadcrumb","itemListElement":[{"@type":"ListItem","position":1,"name":"Portada","item":"https:\/\/admiravision.es\/ca\/"},{"@type":"ListItem","position":2,"name":"El meu compte"}]},{"@type":"WebSite","@id":"https:\/\/admiravision.es\/#website","url":"https:\/\/admiravision.es\/","name":"Admiravisi\u00f3n - Oftalmolog\u00eda en Barcelona","description":"Diagn\u00f3stico y tratamiento de todas las enfermedades oculares, prevenci\u00f3n y tratamiento de lesiones del sistema visual.","publisher":{"@id":"https:\/\/admiravision.es\/#organization"},"potentialAction":[{"@type":"SearchAction","target":{"@type":"EntryPoint","urlTemplate":"https:\/\/admiravision.es\/?s={search_term_string}"},"query-input":{"@type":"PropertyValueSpecification","valueRequired":true,"valueName":"search_term_string"}}],"inLanguage":"ca"},{"@type":"Organization","@id":"https:\/\/admiravision.es\/#organization","name":"Admiravisi\u00f3n","url":"https:\/\/admiravision.es\/","logo":{"@type":"ImageObject","inLanguage":"ca","@id":"https:\/\/admiravision.es\/#\/schema\/logo\/image\/","url":"https:\/\/admiravision.es\/wp-content\/uploads\/2019\/03\/logo-admiravision.png","contentUrl":"https:\/\/admiravision.es\/wp-content\/uploads\/2019\/03\/logo-admiravision.png","width":226,"height":105,"caption":"Admiravisi\u00f3n"},"image":{"@id":"https:\/\/admiravision.es\/#\/schema\/logo\/image\/"}}]}},"_links":{"self":[{"href":"https:\/\/admiravision.es\/ca\/wp-json\/wp\/v2\/pages\/8971","targetHints":{"allow":["GET"]}}],"collection":[{"href":"https:\/\/admiravision.es\/ca\/wp-json\/wp\/v2\/pages"}],"about":[{"href":"https:\/\/admiravision.es\/ca\/wp-json\/wp\/v2\/types\/page"}],"author":[{"embeddable":true,"href":"https:\/\/admiravision.es\/ca\/wp-json\/wp\/v2\/users\/1"}],"replies":[{"embeddable":true,"href":"https:\/\/admiravision.es\/ca\/wp-json\/wp\/v2\/comments?post=8971"}],"version-history":[{"count":1,"href":"https:\/\/admiravision.es\/ca\/wp-json\/wp\/v2\/pages\/8971\/revisions"}],"predecessor-version":[{"id":8972,"href":"https:\/\/admiravision.es\/ca\/wp-json\/wp\/v2\/pages\/8971\/revisions\/8972"}],"wp:attachment":[{"href":"https:\/\/admiravision.es\/ca\/wp-json\/wp\/v2\/media?parent=8971"}],"curies":[{"name":"wp","href":"https:\/\/api.w.org\/{rel}","templated":true}]}}